{"id":1738,"date":"2024-04-13T19:52:57","date_gmt":"2024-04-13T17:52:57","guid":{"rendered":"https:\/\/salvabogados.com\/divorcios\/?page_id=1738"},"modified":"2024-04-13T20:19:44","modified_gmt":"2024-04-13T18:19:44","slug":"blog","status":"publish","type":"page","link":"https:\/\/salvabogados.com\/divorcios\/blog\/","title":{"rendered":"Blog"},"content":{"rendered":"<p><div class=\"fusion-fullwidth fullwidth-box fusion-builder-row-1 fusion-flex-container has-pattern-background has-mask-background nonhundred-percent-fullwidth non-hundred-percent-height-scrolling\" style=\"--awb-border-radius-top-left:0px;--awb-border-radius-top-right:0px;--awb-border-radius-bottom-right:0px;--awb-border-radius-bottom-left:0px;--awb-padding-top:5%;--awb-padding-right:0px;--awb-padding-bottom:0px;--awb-padding-left:0px;--awb-padding-top-medium:5%;--awb-padding-right-medium:3%;--awb-padding-left-medium:3%;--awb-padding-top-small:5%;--awb-padding-right-small:3%;--awb-padding-left-small:3%;--awb-flex-wrap:wrap;\" ><div class=\"fusion-builder-row fusion-row fusion-flex-align-items-flex-start fusion-flex-content-wrap\" style=\"max-width:1248px;margin-left: calc(-4% \/ 2 );margin-right: calc(-4% \/ 2 );\"><div class=\"fusion-layout-column fusion_builder_column fusion-builder-column-0 fusion_builder_column_1_1 1_1 fusion-flex-column\" style=\"--awb-bg-size:cover;--awb-width-large:100%;--awb-margin-top-large:0px;--awb-spacing-right-large:1.92%;--awb-margin-bottom-large:20px;--awb-spacing-left-large:1.92%;--awb-width-medium:100%;--awb-order-medium:0;--awb-spacing-right-medium:1.92%;--awb-spacing-left-medium:1.92%;--awb-width-small:100%;--awb-order-small:0;--awb-spacing-right-small:1.92%;--awb-spacing-left-small:1.92%;\"><div class=\"fusion-column-wrapper fusion-column-has-shadow fusion-flex-justify-content-flex-start fusion-content-layout-column\"><div class=\"fusion-blog-shortcode fusion-blog-shortcode-1 fusion-blog-archive fusion-blog-layout-medium fusion-blog-pagination\" style=\"--grid_separator_color:#111821;\"><div class=\"fusion-posts-container fusion-posts-container-pagination fusion-blog-rollover\" data-pages=\"1\"><article id=\"blog-1-post-1727\" class=\"fusion-post-medium post-1727 post type-post status-publish format-image has-post-thumbnail hentry category-divorcio tag-abogado tag-divorcio-en-el-salvador tag-divorcios post_format-post-format-image\">\n\t<style type=\"text\/css\">\n\t\t\n\t\t\n\t\t\n\t\t\n\t\t\t<\/style>\n\n\n\t\t\t<div class=\"fusion-flexslider flexslider fusion-flexslider-loading fusion-post-slideshow\" style=\"\">\n\t\t<ul class=\"slides\">\n\t\t\t\n\t\t\t\t\t\t\t\t\t\t\t\t\t\t<li><div  class=\"fusion-image-wrapper fusion-image-size-fixed\" aria-haspopup=\"true\">\n\t\t\t\t<img decoding=\"async\" width=\"320\" height=\"202\" src=\"https:\/\/salvabogados.com\/divorcios\/wp-content\/uploads\/2024\/04\/La-Cuota-Compartida-en-el-Divorcio-1-320x202.png\" class=\"attachment-blog-medium size-blog-medium wp-post-image\" alt=\"La Cuota Compartida en el Divorcio en El Salvador\" srcset=\"https:\/\/salvabogados.com\/divorcios\/wp-content\/uploads\/2024\/04\/La-Cuota-Compartida-en-el-Divorcio-1-320x202.png 320w, https:\/\/salvabogados.com\/divorcios\/wp-content\/uploads\/2024\/04\/La-Cuota-Compartida-en-el-Divorcio-1-700x441.png 700w\" sizes=\"(max-width: 320px) 100vw, 320px\" \/><div class=\"fusion-rollover\">\n\t<div class=\"fusion-rollover-content\">\n\n\t\t\t\t\t\t\t\t\t\t\t\t\t\t<a class=\"fusion-rollover-link\" href=\"https:\/\/salvabogados.com\/divorcios\/la-cuota-compensatoria-en-el-proceso-de-divorcio-en-el-salvador\/\">LA CUOTA COMPENSATORIA EN EL PROCESO DE DIVORCIO EN EL SALVADOR: Un Enfoque Integral<\/a>\n\t\t\t\n\t\t\t\t\t\t\t\t\t\t\t\t\t\t\n\t\t\t\t\t\t\t\t\n\t\t\t\t\t\t\t\t\t\t\t\t\t<div class=\"fusion-rollover-sep\"><\/div>\n\t\t\t\t\n\t\t\t\t\t\t\t\t\t\t\t\t\t\t\t\t\t\t<a class=\"fusion-rollover-gallery\" href=\"https:\/\/salvabogados.com\/divorcios\/wp-content\/uploads\/2024\/04\/La-Cuota-Compartida-en-el-Divorcio-1.png\" data-id=\"1727\" data-rel=\"iLightbox[gallery]\" data-title=\"Salvabogados- divorcios\" data-caption=\"\">\n\t\t\t\t\t\tGaler\u00eda\t\t\t\t\t<\/a>\n\t\t\t\t\t\t\t\t\t\t\t\t\t\t\n\t\t\n\t\t\t\t\t\t\t\t\t\t\t\t<h4 class=\"fusion-rollover-title\">\n\t\t\t\t\t<a class=\"fusion-rollover-title-link\" href=\"https:\/\/salvabogados.com\/divorcios\/la-cuota-compensatoria-en-el-proceso-de-divorcio-en-el-salvador\/\">\n\t\t\t\t\t\tLA CUOTA COMPENSATORIA EN EL PROCESO DE DIVORCIO EN EL SALVADOR: Un Enfoque Integral\t\t\t\t\t<\/a>\n\t\t\t\t<\/h4>\n\t\t\t\n\t\t\t\t\t\t\t\t\t\t<div class=\"fusion-rollover-categories\"><a href=\"https:\/\/salvabogados.com\/divorcios\/category\/divorcio\/\" rel=\"tag\">Divorcio<\/a><\/div>\t\t\t\t\t\n\t\t\n\t\t\t\t\t\t<a class=\"fusion-link-wrapper\" href=\"https:\/\/salvabogados.com\/divorcios\/la-cuota-compensatoria-en-el-proceso-de-divorcio-en-el-salvador\/\" aria-label=\"LA CUOTA COMPENSATORIA EN EL PROCESO DE DIVORCIO EN EL SALVADOR: Un Enfoque Integral\"><\/a>\n\t<\/div>\n<\/div>\n<\/div>\n<\/li>\n\t\t\t\n\t\t\t\n\t\t\t\t\t\t\t\t\t\t\t\t\t\t\t\t\t\t\t\t\t\t\t\t\t\t\t\t\t\t\t\t\t\t\t\t\t\t\t\t\t\t\t\t\t\t\t\t\t\t\t\t\t\t\t\t\t\t\t\t\t\t\t\t\t\t\t\t<\/ul>\n\t<\/div>\n\t<div class=\"fusion-post-content post-content\"><h4 class=\"blog-shortcode-post-title entry-title\"><a href=\"https:\/\/salvabogados.com\/divorcios\/la-cuota-compensatoria-en-el-proceso-de-divorcio-en-el-salvador\/\">LA CUOTA COMPENSATORIA EN EL PROCESO DE DIVORCIO EN EL SALVADOR: Un Enfoque Integral<\/a><\/h4><div class=\"fusion-post-content-container\"><p>La cuota compensatoria en el proceso de divorcio en EL SALVADOR En nuestra legislaci\u00f3n seg\u00fan el art. 106 del c\u00f3digo de familia se establece que existen tres motivos de divorcio, mutuo consentimiento, separaci\u00f3n entre los [...]<\/p><\/div><\/div><div class=\"fusion-clearfix\"><\/div><div class=\"fusion-meta-info\"><div class=\"fusion-alignleft\"><span class=\"vcard\" style=\"display: none;\"><span class=\"fn\"><a href=\"https:\/\/salvabogados.com\/divorcios\/author\/rosaadmin\/\" title=\"Entradas de rosa@admin\" rel=\"author\">rosa@admin<\/a><\/span><\/span><span class=\"updated\" style=\"display:none;\">2024-05-10T02:24:10+02:00<\/span><span>13 de abril de 2024<\/span><span class=\"fusion-inline-sep\">|<\/span>Categories: <a href=\"https:\/\/salvabogados.com\/divorcios\/category\/divorcio\/\" rel=\"category tag\">Divorcio<\/a><span class=\"fusion-inline-sep\">|<\/span><span class=\"meta-tags\">Tags: <a href=\"https:\/\/salvabogados.com\/divorcios\/tag\/abogado\/\" rel=\"tag\">Abogado<\/a>, <a href=\"https:\/\/salvabogados.com\/divorcios\/tag\/divorcio-en-el-salvador\/\" rel=\"tag\">Divorcio en El Salvador<\/a>, <a href=\"https:\/\/salvabogados.com\/divorcios\/tag\/divorcios\/\" rel=\"tag\">Divorcios<\/a><\/span><span class=\"fusion-inline-sep\">|<\/span><\/div><div class=\"fusion-alignright\"><a class=\"fusion-read-more\" href=\"https:\/\/salvabogados.com\/divorcios\/la-cuota-compensatoria-en-el-proceso-de-divorcio-en-el-salvador\/\" aria-label=\"More on LA CUOTA COMPENSATORIA EN EL PROCESO DE DIVORCIO EN EL SALVADOR: Un Enfoque Integral\">Read More<\/a><\/div><\/div><\/article>\n<article id=\"blog-1-post-1681\" class=\"fusion-post-medium post-1681 post type-post status-publish format-image has-post-thumbnail hentry category-divorcio post_format-post-format-image\">\n\t<style type=\"text\/css\">\n\t\t\n\t\t\n\t\t\n\t\t\n\t\t\t<\/style>\n\n\n\t\t\t<div class=\"fusion-flexslider flexslider fusion-flexslider-loading fusion-post-slideshow\" style=\"\">\n\t\t<ul class=\"slides\">\n\t\t\t\n\t\t\t\t\t\t\t\t\t\t\t\t\t\t<li><div  class=\"fusion-image-wrapper fusion-image-size-fixed\" aria-haspopup=\"true\">\n\t\t\t\t<img decoding=\"async\" width=\"320\" height=\"202\" src=\"https:\/\/salvabogados.com\/divorcios\/wp-content\/uploads\/2024\/04\/decision-320x202.png\" class=\"attachment-blog-medium size-blog-medium wp-post-image\" alt=\"\" srcset=\"https:\/\/salvabogados.com\/divorcios\/wp-content\/uploads\/2024\/04\/decision-320x202.png 320w, https:\/\/salvabogados.com\/divorcios\/wp-content\/uploads\/2024\/04\/decision-700x441.png 700w\" sizes=\"(max-width: 320px) 100vw, 320px\" \/><div class=\"fusion-rollover\">\n\t<div class=\"fusion-rollover-content\">\n\n\t\t\t\t\t\t\t\t\t\t\t\t\t\t<a class=\"fusion-rollover-link\" href=\"https:\/\/salvabogados.com\/divorcios\/volver-a-intentarlo-considerando-la-vuelta-atras-despues-del-divorcio-arrepentimiento-y-segundas-oportunidades\/\">\u00bfVolver a Intentarlo? Considerando la Vuelta Atr\u00e1s despu\u00e9s del Divorcio<\/a>\n\t\t\t\n\t\t\t\t\t\t\t\t\t\t\t\t\t\t\n\t\t\t\t\t\t\t\t\n\t\t\t\t\t\t\t\t\t\t\t\t\t<div class=\"fusion-rollover-sep\"><\/div>\n\t\t\t\t\n\t\t\t\t\t\t\t\t\t\t\t\t\t\t\t\t\t\t<a class=\"fusion-rollover-gallery\" href=\"https:\/\/salvabogados.com\/divorcios\/wp-content\/uploads\/2024\/04\/decision.png\" data-id=\"1681\" data-rel=\"iLightbox[gallery]\" data-title=\"decision\" data-caption=\"\">\n\t\t\t\t\t\tGaler\u00eda\t\t\t\t\t<\/a>\n\t\t\t\t\t\t\t\t\t\t\t\t\t\t\n\t\t\n\t\t\t\t\t\t\t\t\t\t\t\t<h4 class=\"fusion-rollover-title\">\n\t\t\t\t\t<a class=\"fusion-rollover-title-link\" href=\"https:\/\/salvabogados.com\/divorcios\/volver-a-intentarlo-considerando-la-vuelta-atras-despues-del-divorcio-arrepentimiento-y-segundas-oportunidades\/\">\n\t\t\t\t\t\t\u00bfVolver a Intentarlo? Considerando la Vuelta Atr\u00e1s despu\u00e9s del Divorcio\t\t\t\t\t<\/a>\n\t\t\t\t<\/h4>\n\t\t\t\n\t\t\t\t\t\t\t\t\t\t<div class=\"fusion-rollover-categories\"><a href=\"https:\/\/salvabogados.com\/divorcios\/category\/divorcio\/\" rel=\"tag\">Divorcio<\/a><\/div>\t\t\t\t\t\n\t\t\n\t\t\t\t\t\t<a class=\"fusion-link-wrapper\" href=\"https:\/\/salvabogados.com\/divorcios\/volver-a-intentarlo-considerando-la-vuelta-atras-despues-del-divorcio-arrepentimiento-y-segundas-oportunidades\/\" aria-label=\"\u00bfVolver a Intentarlo? Considerando la Vuelta Atr\u00e1s despu\u00e9s del Divorcio\"><\/a>\n\t<\/div>\n<\/div>\n<\/div>\n<\/li>\n\t\t\t\n\t\t\t\n\t\t\t\t\t\t\t\t\t\t\t\t\t\t\t\t\t\t\t\t\t\t\t\t\t\t\t\t\t\t\t\t\t\t\t\t\t\t\t\t\t\t\t\t\t\t\t\t\t\t\t\t\t\t\t\t\t\t\t\t\t\t\t\t\t\t\t\t<\/ul>\n\t<\/div>\n\t<div class=\"fusion-post-content post-content\"><h4 class=\"blog-shortcode-post-title entry-title\"><a href=\"https:\/\/salvabogados.com\/divorcios\/volver-a-intentarlo-considerando-la-vuelta-atras-despues-del-divorcio-arrepentimiento-y-segundas-oportunidades\/\">\u00bfVolver a Intentarlo? Considerando la Vuelta Atr\u00e1s despu\u00e9s del Divorcio<\/a><\/h4><div class=\"fusion-post-content-container\"><p>\u00bfVolver a Intentarlo? Considerando la Vuelta Atr\u00e1s despu\u00e9s del Divorcio En El Salvador, el proceso de divorcio es una realidad que afecta a numerosas parejas y familias en el pa\u00eds. Con el paso del tiempo, [...]<\/p><\/div><\/div><div class=\"fusion-clearfix\"><\/div><div class=\"fusion-meta-info\"><div class=\"fusion-alignleft\"><span class=\"vcard\" style=\"display: none;\"><span class=\"fn\"><a href=\"https:\/\/salvabogados.com\/divorcios\/author\/rosaadmin\/\" title=\"Entradas de rosa@admin\" rel=\"author\">rosa@admin<\/a><\/span><\/span><span class=\"updated\" style=\"display:none;\">2024-04-13T20:03:40+02:00<\/span><span>5 de abril de 2024<\/span><span class=\"fusion-inline-sep\">|<\/span>Categories: <a href=\"https:\/\/salvabogados.com\/divorcios\/category\/divorcio\/\" rel=\"category tag\">Divorcio<\/a><span class=\"fusion-inline-sep\">|<\/span><\/div><div class=\"fusion-alignright\"><a class=\"fusion-read-more\" href=\"https:\/\/salvabogados.com\/divorcios\/volver-a-intentarlo-considerando-la-vuelta-atras-despues-del-divorcio-arrepentimiento-y-segundas-oportunidades\/\" aria-label=\"More on \u00bfVolver a Intentarlo? Considerando la Vuelta Atr\u00e1s despu\u00e9s del Divorcio\">Read More<\/a><\/div><\/div><\/article>\n<\/div><\/div><\/div><\/div><\/div><\/div><div class=\"fusion-fullwidth fullwidth-box fusion-builder-row-2 fusion-flex-container has-pattern-background has-mask-background nonhundred-percent-fullwidth non-hundred-percent-height-scrolling\" style=\"--awb-border-radius-top-left:0px;--awb-border-radius-top-right:0px;--awb-border-radius-bottom-right:0px;--awb-border-radius-bottom-left:0px;--awb-padding-top:5%;--awb-background-color:#111821;--awb-flex-wrap:wrap;\" ><div class=\"fusion-builder-row fusion-row fusion-flex-align-items-flex-start fusion-flex-content-wrap\" style=\"max-width:1248px;margin-left: calc(-4% \/ 2 );margin-right: calc(-4% \/ 2 );\"><div class=\"fusion-layout-column fusion_builder_column fusion-builder-column-1 fusion_builder_column_1_3 1_3 fusion-flex-column\" style=\"--awb-bg-size:cover;--awb-width-large:33.333333333333%;--awb-margin-top-large:0px;--awb-spacing-right-large:5.76%;--awb-margin-bottom-large:20px;--awb-spacing-left-large:5.76%;--awb-width-medium:33.333333333333%;--awb-order-medium:0;--awb-spacing-right-medium:5.76%;--awb-spacing-left-medium:5.76%;--awb-width-small:100%;--awb-order-small:0;--awb-spacing-right-small:1.92%;--awb-spacing-left-small:1.92%;\"><div class=\"fusion-column-wrapper fusion-column-has-shadow fusion-flex-justify-content-flex-start fusion-content-layout-column\"><div class=\"fusion-image-element \" style=\"--awb-caption-title-font-family:var(--h2_typography-font-family);--awb-caption-title-font-weight:var(--h2_typography-font-weight);--awb-caption-title-font-style:var(--h2_typography-font-style);--awb-caption-title-size:var(--h2_typography-font-size);--awb-caption-title-transform:var(--h2_typography-text-transform);--awb-caption-title-line-height:var(--h2_typography-line-height);--awb-caption-title-letter-spacing:var(--h2_typography-letter-spacing);\"><span class=\" fusion-imageframe imageframe-none imageframe-1 hover-type-none\"><a class=\"fusion-no-lightbox\" href=\"https:\/\/salvabogados.com\/divorcios\/\" target=\"_self\" aria-label=\"LOgo-salvabogados-divorcios-mobil2\"><img decoding=\"async\" width=\"350\" height=\"132\" src=\"https:\/\/salvabogados.com\/divorcios\/wp-content\/uploads\/2023\/10\/LOgo-salvabogados-divorcios-mobil2.png\" alt class=\"img-responsive wp-image-1512\" srcset=\"https:\/\/salvabogados.com\/divorcios\/wp-content\/uploads\/2023\/10\/LOgo-salvabogados-divorcios-mobil2-200x75.png 200w, https:\/\/salvabogados.com\/divorcios\/wp-content\/uploads\/2023\/10\/LOgo-salvabogados-divorcios-mobil2.png 350w\" sizes=\"(max-width: 640px) 100vw, 350px\" \/><\/a><\/span><\/div><\/div><\/div><div class=\"fusion-layout-column fusion_builder_column fusion-builder-column-2 fusion_builder_column_1_3 1_3 fusion-flex-column\" style=\"--awb-bg-size:cover;--awb-width-large:33.333333333333%;--awb-margin-top-large:0px;--awb-spacing-right-large:5.76%;--awb-margin-bottom-large:20px;--awb-spacing-left-large:5.76%;--awb-width-medium:33.333333333333%;--awb-order-medium:0;--awb-spacing-right-medium:5.76%;--awb-spacing-left-medium:5.76%;--awb-width-small:100%;--awb-order-small:0;--awb-spacing-right-small:1.92%;--awb-spacing-left-small:1.92%;\"><div class=\"fusion-column-wrapper fusion-column-has-shadow fusion-flex-justify-content-flex-start fusion-content-layout-column\"><div class=\"fusion-text fusion-text-1\"><p><img decoding=\"async\" class=\"wp-image-1445 size-full alignleft\" src=\"https:\/\/salvabogados.com\/divorcios\/wp-content\/uploads\/2023\/10\/Iconos-Salvabogados2-04.png\" alt=\"\" width=\"35\" height=\"27\" \/><\/p>\n<p><span style=\"color: #ffffff;\"><a style=\"color: #ffffff;\" href=\"tel:+503 2226-1258\">+503 2226-1258<\/a><\/span><\/p>\n<p><span style=\"color: #ffffff;\"><img decoding=\"async\" class=\"wp-image-1445 size-full alignleft\" src=\"https:\/\/salvabogados.com\/divorcios\/wp-content\/uploads\/2023\/10\/Iconos-Salvabogados2-02.png\" alt=\"\" width=\"35\" height=\"27\" \/><a style=\"color: #ffffff;\" href=\"mailto:salvabogados.sv@gmail.com\">salvabogados.sv@gmail.com<\/a><\/span><\/p>\n<\/div><\/div><\/div><div class=\"fusion-layout-column fusion_builder_column fusion-builder-column-3 fusion_builder_column_1_3 1_3 fusion-flex-column\" style=\"--awb-bg-size:cover;--awb-width-large:33.333333333333%;--awb-margin-top-large:0px;--awb-spacing-right-large:5.76%;--awb-margin-bottom-large:20px;--awb-spacing-left-large:5.76%;--awb-width-medium:33.333333333333%;--awb-order-medium:0;--awb-spacing-right-medium:5.76%;--awb-spacing-left-medium:5.76%;--awb-width-small:100%;--awb-order-small:0;--awb-spacing-right-small:1.92%;--awb-spacing-left-small:1.92%;\"><div class=\"fusion-column-wrapper fusion-column-has-shadow fusion-flex-justify-content-flex-start fusion-content-layout-column\"><div class=\"fusion-text fusion-text-2\"><p><img decoding=\"async\" class=\"wp-image-1445 size-full alignleft\" src=\"https:\/\/salvabogados.com\/divorcios\/wp-content\/uploads\/2023\/10\/Iconos-Salvabogados2-03.png\" alt=\"\" width=\"28\" height=\"39\" \/><\/p>\n<p><span style=\"color: #ffffff;\">Colonia M\u00e9dica av. Dr. Emilio \u00c1lvarez,<\/span><br \/>\n<span style=\"color: #ffffff;\">Edificio Centro Profesional San Salvador.<\/span><\/p>\n<p><span style=\"color: #ffffff;\"><img decoding=\"async\" class=\"wp-image-1445 size-full alignleft\" src=\"https:\/\/salvabogados.com\/divorcios\/wp-content\/uploads\/2023\/10\/Iconos-Salvabogados2-05.png\" alt=\"\" width=\"47\" height=\"47\" \/> Lunes &#8211; Viernes 8:00-05:00<\/span><br \/>\n<span style=\"color: #ffffff;\">S\u00e1bados 8:00 a 12:00<\/span><\/p>\n<\/div><\/div><\/div><\/div><\/div><\/p>\n","protected":false},"excerpt":{"rendered":"","protected":false},"author":1,"featured_media":1640,"parent":0,"menu_order":0,"comment_status":"closed","ping_status":"closed","template":"100-width.php","meta":{"footnotes":""},"class_list":["post-1738","page","type-page","status-publish","has-post-thumbnail","hentry"],"yoast_head":"<!-- This site is optimized with the Yoast SEO plugin v23.7 - https:\/\/yoast.com\/wordpress\/plugins\/seo\/ -->\n<title>Blog - Salvabogados-Divorcios<\/title>\n<meta name=\"robots\" content=\"index, follow, max-snippet:-1, max-image-preview:large, max-video-preview:-1\" \/>\n<link rel=\"canonical\" href=\"https:\/\/salvabogados.com\/divorcios\/blog\/\" \/>\n<meta property=\"og:locale\" content=\"es_ES\" \/>\n<meta property=\"og:type\" content=\"article\" \/>\n<meta property=\"og:title\" content=\"Blog - Salvabogados-Divorcios\" \/>\n<meta property=\"og:url\" content=\"https:\/\/salvabogados.com\/divorcios\/blog\/\" \/>\n<meta property=\"og:site_name\" content=\"Salvabogados-Divorcios\" \/>\n<meta property=\"article:publisher\" content=\"https:\/\/www.facebook.com\/SalvabogadosDivorcios\" \/>\n<meta property=\"article:modified_time\" content=\"2024-04-13T18:19:44+00:00\" \/>\n<meta property=\"og:image\" content=\"https:\/\/salvabogados.com\/divorcios\/wp-content\/uploads\/2023\/10\/Divorciarse-no-es-fracasar_2.webp\" \/>\n\t<meta property=\"og:image:width\" content=\"1081\" \/>\n\t<meta property=\"og:image:height\" content=\"1081\" \/>\n\t<meta property=\"og:image:type\" content=\"image\/webp\" \/>\n<meta name=\"twitter:card\" content=\"summary_large_image\" \/>\n<meta name=\"twitter:label1\" content=\"Tiempo de lectura\" \/>\n\t<meta name=\"twitter:data1\" content=\"2 minutos\" \/>\n<script type=\"application\/ld+json\" class=\"yoast-schema-graph\">{\"@context\":\"https:\/\/schema.org\",\"@graph\":[{\"@type\":\"WebPage\",\"@id\":\"https:\/\/salvabogados.com\/divorcios\/blog\/\",\"url\":\"https:\/\/salvabogados.com\/divorcios\/blog\/\",\"name\":\"Blog - Salvabogados-Divorcios\",\"isPartOf\":{\"@id\":\"https:\/\/salvabogados.com\/divorcios\/#website\"},\"primaryImageOfPage\":{\"@id\":\"https:\/\/salvabogados.com\/divorcios\/blog\/#primaryimage\"},\"image\":{\"@id\":\"https:\/\/salvabogados.com\/divorcios\/blog\/#primaryimage\"},\"thumbnailUrl\":\"https:\/\/salvabogados.com\/divorcios\/wp-content\/uploads\/2023\/10\/Divorciarse-no-es-fracasar_2.webp\",\"datePublished\":\"2024-04-13T17:52:57+00:00\",\"dateModified\":\"2024-04-13T18:19:44+00:00\",\"breadcrumb\":{\"@id\":\"https:\/\/salvabogados.com\/divorcios\/blog\/#breadcrumb\"},\"inLanguage\":\"es\",\"potentialAction\":[{\"@type\":\"ReadAction\",\"target\":[\"https:\/\/salvabogados.com\/divorcios\/blog\/\"]}]},{\"@type\":\"ImageObject\",\"inLanguage\":\"es\",\"@id\":\"https:\/\/salvabogados.com\/divorcios\/blog\/#primaryimage\",\"url\":\"https:\/\/salvabogados.com\/divorcios\/wp-content\/uploads\/2023\/10\/Divorciarse-no-es-fracasar_2.webp\",\"contentUrl\":\"https:\/\/salvabogados.com\/divorcios\/wp-content\/uploads\/2023\/10\/Divorciarse-no-es-fracasar_2.webp\",\"width\":1081,\"height\":1081},{\"@type\":\"BreadcrumbList\",\"@id\":\"https:\/\/salvabogados.com\/divorcios\/blog\/#breadcrumb\",\"itemListElement\":[{\"@type\":\"ListItem\",\"position\":1,\"name\":\"Portada\",\"item\":\"https:\/\/salvabogados.com\/divorcios\/\"},{\"@type\":\"ListItem\",\"position\":2,\"name\":\"Blog\"}]},{\"@type\":\"WebSite\",\"@id\":\"https:\/\/salvabogados.com\/divorcios\/#website\",\"url\":\"https:\/\/salvabogados.com\/divorcios\/\",\"name\":\"Salvabogados-Divorcios\",\"description\":\"\",\"publisher\":{\"@id\":\"https:\/\/salvabogados.com\/divorcios\/#organization\"},\"potentialAction\":[{\"@type\":\"SearchAction\",\"target\":{\"@type\":\"EntryPoint\",\"urlTemplate\":\"https:\/\/salvabogados.com\/divorcios\/?s={search_term_string}\"},\"query-input\":{\"@type\":\"PropertyValueSpecification\",\"valueRequired\":true,\"valueName\":\"search_term_string\"}}],\"inLanguage\":\"es\"},{\"@type\":\"Organization\",\"@id\":\"https:\/\/salvabogados.com\/divorcios\/#organization\",\"name\":\"Salvabogados-Divorcios\",\"url\":\"https:\/\/salvabogados.com\/divorcios\/\",\"logo\":{\"@type\":\"ImageObject\",\"inLanguage\":\"es\",\"@id\":\"https:\/\/salvabogados.com\/divorcios\/#\/schema\/logo\/image\/\",\"url\":\"https:\/\/salvabogados.com\/divorcios\/wp-content\/uploads\/2023\/09\/LOgo-salvabogados-divorcios-mobil.png\",\"contentUrl\":\"https:\/\/salvabogados.com\/divorcios\/wp-content\/uploads\/2023\/09\/LOgo-salvabogados-divorcios-mobil.png\",\"width\":529,\"height\":200,\"caption\":\"Salvabogados-Divorcios\"},\"image\":{\"@id\":\"https:\/\/salvabogados.com\/divorcios\/#\/schema\/logo\/image\/\"},\"sameAs\":[\"https:\/\/www.facebook.com\/SalvabogadosDivorcios\"]}]}<\/script>\n<!-- \/ Yoast SEO plugin. -->","yoast_head_json":{"title":"Blog - Salvabogados-Divorcios","robots":{"index":"index","follow":"follow","max-snippet":"max-snippet:-1","max-image-preview":"max-image-preview:large","max-video-preview":"max-video-preview:-1"},"canonical":"https:\/\/salvabogados.com\/divorcios\/blog\/","og_locale":"es_ES","og_type":"article","og_title":"Blog - Salvabogados-Divorcios","og_url":"https:\/\/salvabogados.com\/divorcios\/blog\/","og_site_name":"Salvabogados-Divorcios","article_publisher":"https:\/\/www.facebook.com\/SalvabogadosDivorcios","article_modified_time":"2024-04-13T18:19:44+00:00","og_image":[{"width":1081,"height":1081,"url":"https:\/\/salvabogados.com\/divorcios\/wp-content\/uploads\/2023\/10\/Divorciarse-no-es-fracasar_2.webp","type":"image\/webp"}],"twitter_card":"summary_large_image","twitter_misc":{"Tiempo de lectura":"2 minutos"},"schema":{"@context":"https:\/\/schema.org","@graph":[{"@type":"WebPage","@id":"https:\/\/salvabogados.com\/divorcios\/blog\/","url":"https:\/\/salvabogados.com\/divorcios\/blog\/","name":"Blog - Salvabogados-Divorcios","isPartOf":{"@id":"https:\/\/salvabogados.com\/divorcios\/#website"},"primaryImageOfPage":{"@id":"https:\/\/salvabogados.com\/divorcios\/blog\/#primaryimage"},"image":{"@id":"https:\/\/salvabogados.com\/divorcios\/blog\/#primaryimage"},"thumbnailUrl":"https:\/\/salvabogados.com\/divorcios\/wp-content\/uploads\/2023\/10\/Divorciarse-no-es-fracasar_2.webp","datePublished":"2024-04-13T17:52:57+00:00","dateModified":"2024-04-13T18:19:44+00:00","breadcrumb":{"@id":"https:\/\/salvabogados.com\/divorcios\/blog\/#breadcrumb"},"inLanguage":"es","potentialAction":[{"@type":"ReadAction","target":["https:\/\/salvabogados.com\/divorcios\/blog\/"]}]},{"@type":"ImageObject","inLanguage":"es","@id":"https:\/\/salvabogados.com\/divorcios\/blog\/#primaryimage","url":"https:\/\/salvabogados.com\/divorcios\/wp-content\/uploads\/2023\/10\/Divorciarse-no-es-fracasar_2.webp","contentUrl":"https:\/\/salvabogados.com\/divorcios\/wp-content\/uploads\/2023\/10\/Divorciarse-no-es-fracasar_2.webp","width":1081,"height":1081},{"@type":"BreadcrumbList","@id":"https:\/\/salvabogados.com\/divorcios\/blog\/#breadcrumb","itemListElement":[{"@type":"ListItem","position":1,"name":"Portada","item":"https:\/\/salvabogados.com\/divorcios\/"},{"@type":"ListItem","position":2,"name":"Blog"}]},{"@type":"WebSite","@id":"https:\/\/salvabogados.com\/divorcios\/#website","url":"https:\/\/salvabogados.com\/divorcios\/","name":"Salvabogados-Divorcios","description":"","publisher":{"@id":"https:\/\/salvabogados.com\/divorcios\/#organization"},"potentialAction":[{"@type":"SearchAction","target":{"@type":"EntryPoint","urlTemplate":"https:\/\/salvabogados.com\/divorcios\/?s={search_term_string}"},"query-input":{"@type":"PropertyValueSpecification","valueRequired":true,"valueName":"search_term_string"}}],"inLanguage":"es"},{"@type":"Organization","@id":"https:\/\/salvabogados.com\/divorcios\/#organization","name":"Salvabogados-Divorcios","url":"https:\/\/salvabogados.com\/divorcios\/","logo":{"@type":"ImageObject","inLanguage":"es","@id":"https:\/\/salvabogados.com\/divorcios\/#\/schema\/logo\/image\/","url":"https:\/\/salvabogados.com\/divorcios\/wp-content\/uploads\/2023\/09\/LOgo-salvabogados-divorcios-mobil.png","contentUrl":"https:\/\/salvabogados.com\/divorcios\/wp-content\/uploads\/2023\/09\/LOgo-salvabogados-divorcios-mobil.png","width":529,"height":200,"caption":"Salvabogados-Divorcios"},"image":{"@id":"https:\/\/salvabogados.com\/divorcios\/#\/schema\/logo\/image\/"},"sameAs":["https:\/\/www.facebook.com\/SalvabogadosDivorcios"]}]}},"_links":{"self":[{"href":"https:\/\/salvabogados.com\/divorcios\/wp-json\/wp\/v2\/pages\/1738","targetHints":{"allow":["GET"]}}],"collection":[{"href":"https:\/\/salvabogados.com\/divorcios\/wp-json\/wp\/v2\/pages"}],"about":[{"href":"https:\/\/salvabogados.com\/divorcios\/wp-json\/wp\/v2\/types\/page"}],"author":[{"embeddable":true,"href":"https:\/\/salvabogados.com\/divorcios\/wp-json\/wp\/v2\/users\/1"}],"replies":[{"embeddable":true,"href":"https:\/\/salvabogados.com\/divorcios\/wp-json\/wp\/v2\/comments?post=1738"}],"version-history":[{"count":11,"href":"https:\/\/salvabogados.com\/divorcios\/wp-json\/wp\/v2\/pages\/1738\/revisions"}],"predecessor-version":[{"id":1753,"href":"https:\/\/salvabogados.com\/divorcios\/wp-json\/wp\/v2\/pages\/1738\/revisions\/1753"}],"wp:featuredmedia":[{"embeddable":true,"href":"https:\/\/salvabogados.com\/divorcios\/wp-json\/wp\/v2\/media\/1640"}],"wp:attachment":[{"href":"https:\/\/salvabogados.com\/divorcios\/wp-json\/wp\/v2\/media?parent=1738"}],"curies":[{"name":"wp","href":"https:\/\/api.w.org\/{rel}","templated":true}]}}